{"id":1797,"date":"2021-09-21T19:28:41","date_gmt":"2021-09-21T17:28:41","guid":{"rendered":"https:\/\/pes-rhone.fr\/villeurbanne\/?page_id=1797"},"modified":"2021-09-21T19:34:06","modified_gmt":"2021-09-21T17:34:06","slug":"osteopathes-villeurbanne-lyon","status":"publish","type":"page","link":"https:\/\/pes-rhone.fr\/villeurbanne\/osteopathes-villeurbanne-lyon\/","title":{"rendered":"Vos Ost\u00e9opathes"},"content":{"rendered":"<div class=\"fusion-fullwidth fullwidth-box fusion-builder-row-1 fusion-flex-container nonhundred-percent-fullwidth non-hundred-percent-height-scrolling\" style=\"--awb-border-radius-top-left:0px;--awb-border-radius-top-right:0px;--awb-border-radius-bottom-right:0px;--awb-border-radius-bottom-left:0px;--awb-flex-wrap:wrap;\" ><div class=\"fusion-builder-row fusion-row fusion-flex-align-items-flex-start fusion-flex-content-wrap\" style=\"max-width:1144px;margin-left: calc(-4% \/ 2 );margin-right: calc(-4% \/ 2 );\"><div class=\"fusion-layout-column fusion_builder_column fusion-builder-column-0 fusion_builder_column_1_1 1_1 fusion-flex-column\" style=\"--awb-bg-size:cover;--awb-width-large:100%;--awb-margin-top-large:0px;--awb-spacing-right-large:1.92%;--awb-margin-bottom-large:0px;--awb-spacing-left-large:1.92%;--awb-width-medium:100%;--awb-order-medium:0;--awb-spacing-right-medium:1.92%;--awb-spacing-left-medium:1.92%;--awb-width-small:100%;--awb-order-small:0;--awb-spacing-right-small:1.92%;--awb-spacing-left-small:1.92%;\"><div class=\"fusion-column-wrapper fusion-column-has-shadow fusion-flex-justify-content-flex-start fusion-content-layout-column\"><div class=\"fusion-title title fusion-title-1 fusion-title-center fusion-title-text fusion-title-size-one\" style=\"--awb-margin-top-small:10px;--awb-margin-right-small:0px;--awb-margin-bottom-small:10px;--awb-margin-left-small:0px;\"><div class=\"title-sep-container title-sep-container-left\"><div class=\"title-sep sep-double sep-solid\" style=\"border-color:#e0dede;\"><\/div><\/div><span class=\"awb-title-spacer\"><\/span><h1 class=\"fusion-title-heading title-heading-center fusion-responsive-typography-calculated\" style=\"margin:0;--fontSize:34;line-height:1.41;\">Vos Ost\u00e9opathes Villeurbanne &#8211; Lyon<\/h1><span class=\"awb-title-spacer\"><\/span><div class=\"title-sep-container title-sep-container-right\"><div class=\"title-sep sep-double sep-solid\" style=\"border-color:#e0dede;\"><\/div><\/div><\/div><div class=\"fusion-text fusion-text-1\"><p style=\"text-align: justify;\">Tous nos ost\u00e9opathes sont dipl\u00f4m\u00e9s de l\u2019Andrew Taylor Still Academy \u00e9cole agr\u00e9\u00e9e par le minist\u00e8re de la sant\u00e9.<span class=\"Apple-converted-space\">\u00a0<\/span><\/p>\n<p style=\"text-align: justify;\">Pendant 6 ans, ils ont \u00e9t\u00e9 form\u00e9 \u00e0 l\u2019ensemble des disciplines th\u00e9oriques et pratiques n\u00e9cessaires \u00e0 leur activit\u00e9 leur permettant de vous prendre en charge en toute s\u00e9curit\u00e9. Leur pratique s\u2019int\u00e9resse \u00e0 tout patient, du nourrisson au s\u00e9nior, du s\u00e9dentaire au sportif.<span class=\"Apple-converted-space\">\u00a0<\/span><\/p>\n<p style=\"text-align: justify;\">Depuis plusieurs ann\u00e9es ils exercent dans un cabinet \u00e0 Lyon 3 et se sont rapproch\u00e9s de diff\u00e9rents professionnels m\u00e9decins, infirmiers, sage femme, orthophoniste, psychologues, naturopathes pour am\u00e9liorer la prise en charge de leurs patients en cr\u00e9ant ce second centre \u00e0 Lyon-Villeurbanne d\u00e9but 2021 tout en continuant aussi d\u2019exercer dans leur cabinet \u00e0 Lyon 3.<span class=\"Apple-converted-space\">\u00a0<\/span><\/p>\n<p style=\"text-align: justify;\">Conscient que chaque patient demande une approche sp\u00e9cifique nous nous sommes chacun orient\u00e9 vers diff\u00e9rentes formations.<span class=\"Apple-converted-space\">\u00a0<\/span><\/p>\n<p style=\"text-align: justify;\">Nos descriptifs vous aideront \u00e0 choisir le th\u00e9rapeute qui conviendra le mieux.<\/p>\n<\/div><div class=\"fusion-person person fusion-person-left fusion-person-1 fusion-person-icon-top\" style=\"--awb-pic-style-color:#000000;--awb-pic-borderradius:0px;--awb-margin-top:0px;--awb-margin-right:0px;--awb-margin-bottom:0px;--awb-margin-left:0px;--awb-social-box-border-top:0px;--awb-social-box-border-right:0px;--awb-social-box-border-bottom:0px;--awb-social-box-border-left:0px;--awb-social-box-border-color:var(--awb-color3);--awb-social-box-border-color-hover:var(--awb-color4);--awb-social-box-colors-hover:rgba(232,232,232,0.8);--awb-social-icon-boxed-colors:#e8e8e8;--awb-social-icon-colors:#82c9f0;--awb-social-icon-colors-hover:rgba(130,201,240,0.8);\"><div class=\"person-desc\"><div class=\"person-author\"><div class=\"person-author-wrapper\"><span class=\"person-name\">Lucas Lecoindre<\/span><span class=\"person-title\">Ost\u00e9opathe D.O.<\/span><\/div><\/div><div class=\"person-content fusion-clearfix\"><\/div><\/div><\/div><div class=\"fusion-text fusion-text-2\"><ul>\n<li style=\"text-align: justify;\">Ost\u00e9opathie g\u00e9n\u00e9rale (Diplom\u00e9 en 2013)<\/li>\n<li style=\"text-align: justify;\">Ost\u00e9opathie p\u00e9diatrique (Obtention de son\u00a0certificat d\u2019Ost\u00e9opathe P\u00e9rinatale et P\u00e9diatrique en Avril\u00a02016)<\/li>\n<li style=\"text-align: justify;\">Ost\u00e9opathie sportive kinesio taping 2014<\/li>\n<li style=\"text-align: justify;\">Ost\u00e9opathie douce, des fascias (formation Serge Paoletti 2016-2017)<\/li>\n<li style=\"text-align: justify;\">Ost\u00e9opathie visc\u00e9rale (formation Serge Paoletti 2018)<\/li>\n<li style=\"text-align: justify;\">Lien m\u00e9canique ost\u00e9opathique (formation LMO 2019)<\/li>\n<li style=\"text-align: justify;\">Ost\u00e9opathie et les troubles de l\u2019apprentissage de l\u2019enfant (formation Dr Quercia 2020)<\/li>\n<li style=\"text-align: justify;\">Enseignant \u00e0 l\u2019\u00e9cole d\u2019ost\u00e9opathie ATSA<\/li>\n<\/ul>\n<\/div><div class=\"fusion-separator fusion-full-width-sep\" style=\"align-self: center;margin-left: auto;margin-right: auto;width:100%;\"><div class=\"fusion-separator-border sep-shadow\" style=\"--awb-height:20px;--awb-amount:20px;background:radial-gradient(ellipse at 50% -50% , #e0dede 0px, rgba(255, 255, 255, 0) 80%) repeat scroll 0 0 rgba(0, 0, 0, 0);background:-webkit-radial-gradient(ellipse at 50% -50% , #e0dede 0px, rgba(255, 255, 255, 0) 80%) repeat scroll 0 0 rgba(0, 0, 0, 0);background:-moz-radial-gradient(ellipse at 50% -50% , #e0dede 0px, rgba(255, 255, 255, 0) 80%) repeat scroll 0 0 rgba(0, 0, 0, 0);background:-o-radial-gradient(ellipse at 50% -50% , #e0dede 0px, rgba(255, 255, 255, 0) 80%) repeat scroll 0 0 rgba(0, 0, 0, 0);\"><\/div><\/div><div class=\"fusion-person person fusion-person-left fusion-person-2 fusion-person-icon-top\" style=\"--awb-pic-style-color:#000000;--awb-pic-borderradius:0px;--awb-margin-top:0px;--awb-margin-right:0px;--awb-margin-bottom:0px;--awb-margin-left:0px;--awb-social-box-border-top:0px;--awb-social-box-border-right:0px;--awb-social-box-border-bottom:0px;--awb-social-box-border-left:0px;--awb-social-box-border-color:var(--awb-color3);--awb-social-box-border-color-hover:var(--awb-color4);--awb-social-box-colors-hover:rgba(232,232,232,0.8);--awb-social-icon-boxed-colors:#e8e8e8;--awb-social-icon-colors:#82c9f0;--awb-social-icon-colors-hover:rgba(130,201,240,0.8);\"><div class=\"person-desc\"><div class=\"person-author\"><div class=\"person-author-wrapper\"><span class=\"person-name\">Pauline Rescourio<\/span><span class=\"person-title\">Ost\u00e9opathe D.O.<\/span><\/div><\/div><div class=\"person-content fusion-clearfix\"><\/div><\/div><\/div><div class=\"fusion-text fusion-text-3\"><ul>\n<li style=\"text-align: justify;\">Ost\u00e9opathie g\u00e9n\u00e9rale (dipl\u00f4m\u00e9e 2020)<\/li>\n<li style=\"text-align: justify;\">Ost\u00e9opathie p\u00e9diatrique et p\u00e9rinatalit\u00e9 (formation 2020)<\/li>\n<li style=\"text-align: justify;\">Prise en charge de la femme enceinte \/ post partum (formation 2020)<\/li>\n<li style=\"text-align: justify;\">Stage en orthop\u00e9die infantile<\/li>\n<li style=\"text-align: justify;\">Stage en milieu sp\u00e9cialis\u00e9<\/li>\n<\/ul>\n<\/div><div class=\"fusion-separator fusion-full-width-sep\" style=\"align-self: center;margin-left: auto;margin-right: auto;width:100%;\"><div class=\"fusion-separator-border sep-shadow\" style=\"--awb-height:20px;--awb-amount:20px;background:radial-gradient(ellipse at 50% -50% , #e0dede 0px, rgba(255, 255, 255, 0) 80%) repeat scroll 0 0 rgba(0, 0, 0, 0);background:-webkit-radial-gradient(ellipse at 50% -50% , #e0dede 0px, rgba(255, 255, 255, 0) 80%) repeat scroll 0 0 rgba(0, 0, 0, 0);background:-moz-radial-gradient(ellipse at 50% -50% , #e0dede 0px, rgba(255, 255, 255, 0) 80%) repeat scroll 0 0 rgba(0, 0, 0, 0);background:-o-radial-gradient(ellipse at 50% -50% , #e0dede 0px, rgba(255, 255, 255, 0) 80%) repeat scroll 0 0 rgba(0, 0, 0, 0);\"><\/div><\/div><div class=\"fusion-person person fusion-person-left fusion-person-3 fusion-person-icon-top\" style=\"--awb-pic-style-color:#000000;--awb-pic-borderradius:0px;--awb-margin-top:0px;--awb-margin-right:0px;--awb-margin-bottom:0px;--awb-margin-left:0px;--awb-social-box-border-top:0px;--awb-social-box-border-right:0px;--awb-social-box-border-bottom:0px;--awb-social-box-border-left:0px;--awb-social-box-border-color:var(--awb-color3);--awb-social-box-border-color-hover:var(--awb-color4);--awb-social-box-colors-hover:rgba(232,232,232,0.8);--awb-social-icon-boxed-colors:#e8e8e8;--awb-social-icon-colors:#82c9f0;--awb-social-icon-colors-hover:rgba(130,201,240,0.8);\"><div class=\"person-desc\"><div class=\"person-author\"><div class=\"person-author-wrapper\"><span class=\"person-name\">Matthieu Degot<\/span><span class=\"person-title\">Ost\u00e9opathe D.O.<\/span><\/div><\/div><div class=\"person-content fusion-clearfix\"><\/div><\/div><\/div><div class=\"fusion-text fusion-text-4\"><ul>\n<li style=\"text-align: justify;\">Ost\u00e9opathie g\u00e9n\u00e9rale (Dipl\u00f4m\u00e9 en 2017)<\/li>\n<li style=\"text-align: justify;\">Master 2, sp\u00e9cialit\u00e9 Recherche en sciences du sport (Dipl\u00f4m\u00e9 en 2018, Universit\u00e9 de Lyon)<\/li>\n<li style=\"text-align: justify;\">Formation ost\u00e9opathique\u00a0: prise en charge de l\u2019enfant handicap\u00e9 physique (2019)<\/li>\n<li style=\"text-align: justify;\">D\u00e9but de th\u00e8se de doctorat : \u00ab\u00a0Pathologies du sportif\u00a0\u00bb (2019, Universit\u00e9 de Lyon)<\/li>\n<li style=\"text-align: justify;\">Enseignant \u00e0 l\u2019\u00e9cole d\u2019ost\u00e9opathie ATSA<\/li>\n<\/ul>\n<\/div><div class=\"fusion-separator fusion-full-width-sep\" style=\"align-self: center;margin-left: auto;margin-right: auto;width:100%;\"><div class=\"fusion-separator-border sep-shadow\" style=\"--awb-height:20px;--awb-amount:20px;background:radial-gradient(ellipse at 50% -50% , #e0dede 0px, rgba(255, 255, 255, 0) 80%) repeat scroll 0 0 rgba(0, 0, 0, 0);background:-webkit-radial-gradient(ellipse at 50% -50% , #e0dede 0px, rgba(255, 255, 255, 0) 80%) repeat scroll 0 0 rgba(0, 0, 0, 0);background:-moz-radial-gradient(ellipse at 50% -50% , #e0dede 0px, rgba(255, 255, 255, 0) 80%) repeat scroll 0 0 rgba(0, 0, 0, 0);background:-o-radial-gradient(ellipse at 50% -50% , #e0dede 0px, rgba(255, 255, 255, 0) 80%) repeat scroll 0 0 rgba(0, 0, 0, 0);\"><\/div><\/div><div class=\"fusion-person person fusion-person-left fusion-person-4 fusion-person-icon-top\" style=\"--awb-pic-style-color:#000000;--awb-pic-borderradius:0px;--awb-margin-top:0px;--awb-margin-right:0px;--awb-margin-bottom:0px;--awb-margin-left:0px;--awb-social-box-border-top:0px;--awb-social-box-border-right:0px;--awb-social-box-border-bottom:0px;--awb-social-box-border-left:0px;--awb-social-box-border-color:var(--awb-color3);--awb-social-box-border-color-hover:var(--awb-color4);--awb-social-box-colors-hover:rgba(232,232,232,0.8);--awb-social-icon-boxed-colors:#e8e8e8;--awb-social-icon-colors:#82c9f0;--awb-social-icon-colors-hover:rgba(130,201,240,0.8);\"><div class=\"person-desc\"><div class=\"person-author\"><div class=\"person-author-wrapper\"><span class=\"person-name\">Marc Guillaumot<\/span><span class=\"person-title\">Ost\u00e9opathe D.O.<\/span><\/div><\/div><div class=\"person-content fusion-clearfix\"><\/div><\/div><\/div><div class=\"fusion-text fusion-text-5\"><ul>\n<li style=\"text-align: justify;\">Ost\u00e9opathie g\u00e9n\u00e9rale (Dipl\u00f4m\u00e9 en 2013)<\/li>\n<li style=\"text-align: justify;\">Ost\u00e9opathie douce, Tissulaire (form\u00e9 par S\u00e9bastien LELIEVRE &amp; Mathieu SPINNEWEBER)<\/li>\n<li style=\"text-align: justify;\">Suivi d\u2019une \u00e9quipe de Roller Derby \u00e0 M\u00e2con en 2015 &amp; 2016, ainsi que de nombreux sportifs en escalade, trail, randonn\u00e9e &amp; capoeira<\/li>\n<li style=\"text-align: justify;\">Ost\u00e9opathie \u00e9motionnelle avec le dipl\u00f4me de Conseiller en Biod\u00e9codage (obtenu en 2017 \u00e0 l\u2019\u00e9cole fran\u00e7aise de D\u00e9codage Biologique de Christian FLECHE)<\/li>\n<li style=\"text-align: justify;\">Ost\u00e9opathie douce, des fascias (formation Serge Paoletti 2020)<\/li>\n<\/ul>\n<\/div><div class=\"fusion-separator fusion-full-width-sep\" style=\"align-self: center;margin-left: auto;margin-right: auto;width:100%;\"><div class=\"fusion-separator-border sep-shadow\" style=\"--awb-height:20px;--awb-amount:20px;background:radial-gradient(ellipse at 50% -50% , #e0dede 0px, rgba(255, 255, 255, 0) 80%) repeat scroll 0 0 rgba(0, 0, 0, 0);background:-webkit-radial-gradient(ellipse at 50% -50% , #e0dede 0px, rgba(255, 255, 255, 0) 80%) repeat scroll 0 0 rgba(0, 0, 0, 0);background:-moz-radial-gradient(ellipse at 50% -50% , #e0dede 0px, rgba(255, 255, 255, 0) 80%) repeat scroll 0 0 rgba(0, 0, 0, 0);background:-o-radial-gradient(ellipse at 50% -50% , #e0dede 0px, rgba(255, 255, 255, 0) 80%) repeat scroll 0 0 rgba(0, 0, 0, 0);\"><\/div><\/div><div class=\"fusion-person person fusion-person-left fusion-person-5 fusion-person-icon-top\" style=\"--awb-pic-style-color:#000000;--awb-pic-borderradius:0px;--awb-margin-top:0px;--awb-margin-right:0px;--awb-margin-bottom:0px;--awb-margin-left:0px;--awb-social-box-border-top:0px;--awb-social-box-border-right:0px;--awb-social-box-border-bottom:0px;--awb-social-box-border-left:0px;--awb-social-box-border-color:var(--awb-color3);--awb-social-box-border-color-hover:var(--awb-color4);--awb-social-box-colors-hover:rgba(232,232,232,0.8);--awb-social-icon-boxed-colors:#e8e8e8;--awb-social-icon-colors:#82c9f0;--awb-social-icon-colors-hover:rgba(130,201,240,0.8);\"><div class=\"person-desc\"><div class=\"person-author\"><div class=\"person-author-wrapper\"><span class=\"person-name\">Alys\u00e9e Morel<\/span><span class=\"person-title\">Ost\u00e9opathe D.O.<\/span><\/div><\/div><div class=\"person-content fusion-clearfix\"><\/div><\/div><\/div><div class=\"fusion-text fusion-text-6\"><ul>\n<li>Ost\u00e9opathie G\u00e9n\u00e9rale ( Dipl\u00f4m\u00e9e en 2021)<\/li>\n<li>Ost\u00e9opathie p\u00e9rinatale et p\u00e9diatrique (formation \u00e0 la m\u00e9thode N&rsquo;F\u00e9ra\u00efdo par Dominique Jacquin, h\u00f4pital de Villefranche en Janvier et Novembre 2019)<\/li>\n<li>Stage d&rsquo;observation au sein du service obst\u00e9trique de l&rsquo;h\u00f4pital de Villefranche (Brigitte Couvignou, Sage-Femme, d\u00e9cembre 2019)<\/li>\n<li>Stage de portage de nouveau-n\u00e9 en \u00e9charpe ( Elodie Martini, juin 2020)<\/li>\n<li>Conf\u00e9rence CFPCO : Examen ost\u00e9opathique du nouveau n\u00e9uveau-n\u00e9 (Anne Macquet, d\u00e9cembre 2020)<\/li>\n<\/ul>\n<\/div><\/div><\/div><\/div><\/div>\n","protected":false},"excerpt":{"rendered":"","protected":false},"author":1,"featured_media":0,"parent":0,"menu_order":0,"comment_status":"closed","ping_status":"closed","template":"","meta":{"footnotes":""},"yoast_head":"<!-- This site is optimized with the Yoast SEO plugin v24.5 - https:\/\/yoast.com\/wordpress\/plugins\/seo\/ -->\n<title>Vos Ost\u00e9opathes - P\u00f4le Equilibre &amp; Sant\u00e9 de Villeurbanne<\/title>\n<meta name=\"robots\" content=\"index, follow, max-snippet:-1, max-image-preview:large, max-video-preview:-1\" \/>\n<link rel=\"canonical\" href=\"https:\/\/pes-rhone.fr\/villeurbanne\/osteopathes-villeurbanne-lyon\/\" \/>\n<meta property=\"og:locale\" content=\"fr_FR\" \/>\n<meta property=\"og:type\" content=\"article\" \/>\n<meta property=\"og:title\" content=\"Vos Ost\u00e9opathes - P\u00f4le Equilibre &amp; Sant\u00e9 de Villeurbanne\" \/>\n<meta property=\"og:url\" content=\"https:\/\/pes-rhone.fr\/villeurbanne\/osteopathes-villeurbanne-lyon\/\" \/>\n<meta property=\"og:site_name\" content=\"P\u00f4le Equilibre &amp; Sant\u00e9 de Villeurbanne\" \/>\n<meta property=\"article:modified_time\" content=\"2021-09-21T17:34:06+00:00\" \/>\n<meta name=\"twitter:card\" content=\"summary_large_image\" \/>\n<meta name=\"twitter:label1\" content=\"Dur\u00e9e de lecture estim\u00e9e\" \/>\n\t<meta name=\"twitter:data1\" content=\"5 minutes\" \/>\n<script type=\"application\/ld+json\" class=\"yoast-schema-graph\">{\"@context\":\"https:\/\/schema.org\",\"@graph\":[{\"@type\":\"WebPage\",\"@id\":\"https:\/\/pes-rhone.fr\/villeurbanne\/osteopathes-villeurbanne-lyon\/\",\"url\":\"https:\/\/pes-rhone.fr\/villeurbanne\/osteopathes-villeurbanne-lyon\/\",\"name\":\"Vos Ost\u00e9opathes - P\u00f4le Equilibre &amp; Sant\u00e9 de Villeurbanne\",\"isPartOf\":{\"@id\":\"https:\/\/pes-rhone.fr\/villeurbanne\/#website\"},\"datePublished\":\"2021-09-21T17:28:41+00:00\",\"dateModified\":\"2021-09-21T17:34:06+00:00\",\"breadcrumb\":{\"@id\":\"https:\/\/pes-rhone.fr\/villeurbanne\/osteopathes-villeurbanne-lyon\/#breadcrumb\"},\"inLanguage\":\"fr-FR\",\"potentialAction\":[{\"@type\":\"ReadAction\",\"target\":[\"https:\/\/pes-rhone.fr\/villeurbanne\/osteopathes-villeurbanne-lyon\/\"]}]},{\"@type\":\"BreadcrumbList\",\"@id\":\"https:\/\/pes-rhone.fr\/villeurbanne\/osteopathes-villeurbanne-lyon\/#breadcrumb\",\"itemListElement\":[{\"@type\":\"ListItem\",\"position\":1,\"name\":\"Accueil\",\"item\":\"https:\/\/pes-rhone.fr\/villeurbanne\/\"},{\"@type\":\"ListItem\",\"position\":2,\"name\":\"Vos Ost\u00e9opathes\"}]},{\"@type\":\"WebSite\",\"@id\":\"https:\/\/pes-rhone.fr\/villeurbanne\/#website\",\"url\":\"https:\/\/pes-rhone.fr\/villeurbanne\/\",\"name\":\"P\u00f4le Equilibre &amp; Sant\u00e9 de Villeurbanne\",\"description\":\"\",\"potentialAction\":[{\"@type\":\"SearchAction\",\"target\":{\"@type\":\"EntryPoint\",\"urlTemplate\":\"https:\/\/pes-rhone.fr\/villeurbanne\/?s={search_term_string}\"},\"query-input\":{\"@type\":\"PropertyValueSpecification\",\"valueRequired\":true,\"valueName\":\"search_term_string\"}}],\"inLanguage\":\"fr-FR\"}]}<\/script>\n<!-- \/ Yoast SEO plugin. -->","yoast_head_json":{"title":"Vos Ost\u00e9opathes - P\u00f4le Equilibre &amp; Sant\u00e9 de Villeurbanne","robots":{"index":"index","follow":"follow","max-snippet":"max-snippet:-1","max-image-preview":"max-image-preview:large","max-video-preview":"max-video-preview:-1"},"canonical":"https:\/\/pes-rhone.fr\/villeurbanne\/osteopathes-villeurbanne-lyon\/","og_locale":"fr_FR","og_type":"article","og_title":"Vos Ost\u00e9opathes - P\u00f4le Equilibre &amp; Sant\u00e9 de Villeurbanne","og_url":"https:\/\/pes-rhone.fr\/villeurbanne\/osteopathes-villeurbanne-lyon\/","og_site_name":"P\u00f4le Equilibre &amp; Sant\u00e9 de Villeurbanne","article_modified_time":"2021-09-21T17:34:06+00:00","twitter_card":"summary_large_image","twitter_misc":{"Dur\u00e9e de lecture estim\u00e9e":"5 minutes"},"schema":{"@context":"https:\/\/schema.org","@graph":[{"@type":"WebPage","@id":"https:\/\/pes-rhone.fr\/villeurbanne\/osteopathes-villeurbanne-lyon\/","url":"https:\/\/pes-rhone.fr\/villeurbanne\/osteopathes-villeurbanne-lyon\/","name":"Vos Ost\u00e9opathes - P\u00f4le Equilibre &amp; Sant\u00e9 de Villeurbanne","isPartOf":{"@id":"https:\/\/pes-rhone.fr\/villeurbanne\/#website"},"datePublished":"2021-09-21T17:28:41+00:00","dateModified":"2021-09-21T17:34:06+00:00","breadcrumb":{"@id":"https:\/\/pes-rhone.fr\/villeurbanne\/osteopathes-villeurbanne-lyon\/#breadcrumb"},"inLanguage":"fr-FR","potentialAction":[{"@type":"ReadAction","target":["https:\/\/pes-rhone.fr\/villeurbanne\/osteopathes-villeurbanne-lyon\/"]}]},{"@type":"BreadcrumbList","@id":"https:\/\/pes-rhone.fr\/villeurbanne\/osteopathes-villeurbanne-lyon\/#breadcrumb","itemListElement":[{"@type":"ListItem","position":1,"name":"Accueil","item":"https:\/\/pes-rhone.fr\/villeurbanne\/"},{"@type":"ListItem","position":2,"name":"Vos Ost\u00e9opathes"}]},{"@type":"WebSite","@id":"https:\/\/pes-rhone.fr\/villeurbanne\/#website","url":"https:\/\/pes-rhone.fr\/villeurbanne\/","name":"P\u00f4le Equilibre &amp; Sant\u00e9 de Villeurbanne","description":"","potentialAction":[{"@type":"SearchAction","target":{"@type":"EntryPoint","urlTemplate":"https:\/\/pes-rhone.fr\/villeurbanne\/?s={search_term_string}"},"query-input":{"@type":"PropertyValueSpecification","valueRequired":true,"valueName":"search_term_string"}}],"inLanguage":"fr-FR"}]}},"_links":{"self":[{"href":"https:\/\/pes-rhone.fr\/villeurbanne\/wp-json\/wp\/v2\/pages\/1797"}],"collection":[{"href":"https:\/\/pes-rhone.fr\/villeurbanne\/wp-json\/wp\/v2\/pages"}],"about":[{"href":"https:\/\/pes-rhone.fr\/villeurbanne\/wp-json\/wp\/v2\/types\/page"}],"author":[{"embeddable":true,"href":"https:\/\/pes-rhone.fr\/villeurbanne\/wp-json\/wp\/v2\/users\/1"}],"replies":[{"embeddable":true,"href":"https:\/\/pes-rhone.fr\/villeurbanne\/wp-json\/wp\/v2\/comments?post=1797"}],"version-history":[{"count":3,"href":"https:\/\/pes-rhone.fr\/villeurbanne\/wp-json\/wp\/v2\/pages\/1797\/revisions"}],"predecessor-version":[{"id":1800,"href":"https:\/\/pes-rhone.fr\/villeurbanne\/wp-json\/wp\/v2\/pages\/1797\/revisions\/1800"}],"wp:attachment":[{"href":"https:\/\/pes-rhone.fr\/villeurbanne\/wp-json\/wp\/v2\/media?parent=1797"}],"curies":[{"name":"wp","href":"https:\/\/api.w.org\/{rel}","templated":true}]}}