{"id":1340,"date":"2014-01-31T19:54:25","date_gmt":"2014-01-31T18:54:25","guid":{"rendered":"https:\/\/pes-rhone.fr\/lyon\/?page_id=1340"},"modified":"2016-12-09T12:06:25","modified_gmt":"2016-12-09T11:06:25","slug":"osteopathe-pour-sportif","status":"publish","type":"page","link":"https:\/\/pes-rhone.fr\/marcy-l-etoile\/osteopathe-pour-sportif\/","title":{"rendered":"Ost\u00e9opathe pour Sportif"},"content":{"rendered":"<div class=\"fusion-fullwidth fullwidth-box fusion-builder-row-1 nonhundred-percent-fullwidth non-hundred-percent-height-scrolling\" style=\"--awb-border-radius-top-left:0px;--awb-border-radius-top-right:0px;--awb-border-radius-bottom-right:0px;--awb-border-radius-bottom-left:0px;--awb-flex-wrap:wrap;\" ><div class=\"fusion-builder-row fusion-row\"><div class=\"fusion-layout-column fusion_builder_column fusion-builder-column-0 fusion_builder_column_1_1 1_1 fusion-one-full fusion-column-first fusion-column-last\" style=\"--awb-bg-size:cover;\"><div class=\"fusion-column-wrapper fusion-flex-column-wrapper-legacy\"><div class=\"fusion-title title fusion-title-1 fusion-title-center fusion-title-text fusion-title-size-one\" style=\"--awb-margin-top-small:10px;--awb-margin-right-small:0px;--awb-margin-bottom-small:10px;--awb-margin-left-small:0px;\"><div class=\"title-sep-container title-sep-container-left\"><div class=\"title-sep sep-double sep-solid\" style=\"border-color:#e0dede;\"><\/div><\/div><span class=\"awb-title-spacer\"><\/span><h1 class=\"fusion-title-heading title-heading-center fusion-responsive-typography-calculated\" style=\"margin:0;--fontSize:34;line-height:1.41;\">Ost\u00e9opathe pour Sportif<\/h1><span class=\"awb-title-spacer\"><\/span><div class=\"title-sep-container title-sep-container-right\"><div class=\"title-sep sep-double sep-solid\" style=\"border-color:#e0dede;\"><\/div><\/div><\/div><div class=\"fusion-text fusion-text-1\"><p style=\"text-align: justify;\">Lors de leurs efforts, les sportifs soumettent leur corps \u00e0 des contraintes importantes. Les diff\u00e9rentes structures biom\u00e9caniques du corps sont sollicit\u00e9es : les articulations, les ligaments, les muscles et tendons\u2026<\/p>\n<p style=\"text-align: justify;\">Le r\u00f4le de l\u2019ost\u00e9opathe est \u00e0 la fois un <strong>r\u00f4le de pr\u00e9vention<\/strong> en agissant pour \u00e9viter les blessures, de correction des d\u00e9s\u00e9quilibres, soulagement des douleurs, de pr\u00e9paration \u00e0 une comp\u00e9tition ou encore d\u2019<strong>accompagnement du sportif<\/strong> afin d\u2019<strong>am\u00e9liorer ses performances<\/strong>.<\/p>\n<p style=\"text-align: justify;\">Amateurs ou professionnels, les sportifs font de plus en plus confiance \u00e0 l\u2019Ost\u00e9opathie qui a largement fait ses preuves dans le domaine. Ainsi, aujourd\u2019hui, bon nombre de clubs sportifs font appel \u00e0 un ou plusieurs ost\u00e9opathes.<\/p>\n<\/div><div class=\"fusion-clearfix\"><\/div><\/div><\/div><\/div><\/div>\n","protected":false},"excerpt":{"rendered":"","protected":false},"author":1,"featured_media":0,"parent":0,"menu_order":0,"comment_status":"open","ping_status":"open","template":"","meta":{"footnotes":""},"yoast_head":"<!-- This site is optimized with the Yoast SEO plugin v24.5 - https:\/\/yoast.com\/wordpress\/plugins\/seo\/ -->\n<title>Ost\u00e9opathe pour Sportif - P\u00f4le Equilibre&amp;Sant\u00e9 du Rh\u00f4ne | Lyon<\/title>\n<meta name=\"description\" content=\"Ost\u00e9opathe pour Sportif : Sportif amateur ou de haut niveau votre corps est soumis \u00e0 des contraintes biom\u00e9caniques importantes, source de d\u00e9rangements articulaires, de traumatismes, d&#039;entorses, de tendinites...\" \/>\n<meta name=\"robots\" content=\"index, follow, max-snippet:-1, max-image-preview:large, max-video-preview:-1\" \/>\n<link rel=\"canonical\" href=\"https:\/\/pes-rhone.fr\/marcy-l-etoile\/osteopathe-pour-sportif\/\" \/>\n<meta property=\"og:locale\" content=\"fr_FR\" \/>\n<meta property=\"og:type\" content=\"article\" \/>\n<meta property=\"og:title\" content=\"Ost\u00e9opathe pour Sportif - P\u00f4le Equilibre&amp;Sant\u00e9 du Rh\u00f4ne | Lyon\" \/>\n<meta property=\"og:description\" content=\"Ost\u00e9opathe pour Sportif : Sportif amateur ou de haut niveau votre corps est soumis \u00e0 des contraintes biom\u00e9caniques importantes, source de d\u00e9rangements articulaires, de traumatismes, d&#039;entorses, de tendinites...\" \/>\n<meta property=\"og:url\" content=\"https:\/\/pes-rhone.fr\/marcy-l-etoile\/osteopathe-pour-sportif\/\" \/>\n<meta property=\"og:site_name\" content=\"P\u00f4le Equilibre&amp;Sant\u00e9 de Marcy l&#039;\u00c9toile\" \/>\n<meta property=\"article:modified_time\" content=\"2016-12-09T11:06:25+00:00\" \/>\n<meta name=\"twitter:card\" content=\"summary_large_image\" \/>\n<meta name=\"twitter:label1\" content=\"Dur\u00e9e de lecture estim\u00e9e\" \/>\n\t<meta name=\"twitter:data1\" content=\"1 minute\" \/>\n<script type=\"application\/ld+json\" class=\"yoast-schema-graph\">{\"@context\":\"https:\/\/schema.org\",\"@graph\":[{\"@type\":\"WebPage\",\"@id\":\"https:\/\/pes-rhone.fr\/marcy-l-etoile\/osteopathe-pour-sportif\/\",\"url\":\"https:\/\/pes-rhone.fr\/marcy-l-etoile\/osteopathe-pour-sportif\/\",\"name\":\"Ost\u00e9opathe pour Sportif - P\u00f4le Equilibre&Sant\u00e9 du Rh\u00f4ne | Lyon\",\"isPartOf\":{\"@id\":\"https:\/\/pes-rhone.fr\/marcy-l-etoile\/#website\"},\"datePublished\":\"2014-01-31T18:54:25+00:00\",\"dateModified\":\"2016-12-09T11:06:25+00:00\",\"description\":\"Ost\u00e9opathe pour Sportif : Sportif amateur ou de haut niveau votre corps est soumis \u00e0 des contraintes biom\u00e9caniques importantes, source de d\u00e9rangements articulaires, de traumatismes, d'entorses, de tendinites...\",\"breadcrumb\":{\"@id\":\"https:\/\/pes-rhone.fr\/marcy-l-etoile\/osteopathe-pour-sportif\/#breadcrumb\"},\"inLanguage\":\"fr-FR\",\"potentialAction\":[{\"@type\":\"ReadAction\",\"target\":[\"https:\/\/pes-rhone.fr\/marcy-l-etoile\/osteopathe-pour-sportif\/\"]}]},{\"@type\":\"BreadcrumbList\",\"@id\":\"https:\/\/pes-rhone.fr\/marcy-l-etoile\/osteopathe-pour-sportif\/#breadcrumb\",\"itemListElement\":[{\"@type\":\"ListItem\",\"position\":1,\"name\":\"Accueil\",\"item\":\"https:\/\/pes-rhone.fr\/marcy-l-etoile\/\"},{\"@type\":\"ListItem\",\"position\":2,\"name\":\"Ost\u00e9opathe pour Sportif\"}]},{\"@type\":\"WebSite\",\"@id\":\"https:\/\/pes-rhone.fr\/marcy-l-etoile\/#website\",\"url\":\"https:\/\/pes-rhone.fr\/marcy-l-etoile\/\",\"name\":\"P\u00f4le Equilibre&amp;Sant\u00e9 de Marcy l&#039;\u00c9toile\",\"description\":\"\",\"potentialAction\":[{\"@type\":\"SearchAction\",\"target\":{\"@type\":\"EntryPoint\",\"urlTemplate\":\"https:\/\/pes-rhone.fr\/marcy-l-etoile\/?s={search_term_string}\"},\"query-input\":{\"@type\":\"PropertyValueSpecification\",\"valueRequired\":true,\"valueName\":\"search_term_string\"}}],\"inLanguage\":\"fr-FR\"}]}<\/script>\n<!-- \/ Yoast SEO plugin. -->","yoast_head_json":{"title":"Ost\u00e9opathe pour Sportif - P\u00f4le Equilibre&Sant\u00e9 du Rh\u00f4ne | Lyon","description":"Ost\u00e9opathe pour Sportif : Sportif amateur ou de haut niveau votre corps est soumis \u00e0 des contraintes biom\u00e9caniques importantes, source de d\u00e9rangements articulaires, de traumatismes, d'entorses, de tendinites...","robots":{"index":"index","follow":"follow","max-snippet":"max-snippet:-1","max-image-preview":"max-image-preview:large","max-video-preview":"max-video-preview:-1"},"canonical":"https:\/\/pes-rhone.fr\/marcy-l-etoile\/osteopathe-pour-sportif\/","og_locale":"fr_FR","og_type":"article","og_title":"Ost\u00e9opathe pour Sportif - P\u00f4le Equilibre&Sant\u00e9 du Rh\u00f4ne | Lyon","og_description":"Ost\u00e9opathe pour Sportif : Sportif amateur ou de haut niveau votre corps est soumis \u00e0 des contraintes biom\u00e9caniques importantes, source de d\u00e9rangements articulaires, de traumatismes, d'entorses, de tendinites...","og_url":"https:\/\/pes-rhone.fr\/marcy-l-etoile\/osteopathe-pour-sportif\/","og_site_name":"P\u00f4le Equilibre&amp;Sant\u00e9 de Marcy l&#039;\u00c9toile","article_modified_time":"2016-12-09T11:06:25+00:00","twitter_card":"summary_large_image","twitter_misc":{"Dur\u00e9e de lecture estim\u00e9e":"1 minute"},"schema":{"@context":"https:\/\/schema.org","@graph":[{"@type":"WebPage","@id":"https:\/\/pes-rhone.fr\/marcy-l-etoile\/osteopathe-pour-sportif\/","url":"https:\/\/pes-rhone.fr\/marcy-l-etoile\/osteopathe-pour-sportif\/","name":"Ost\u00e9opathe pour Sportif - P\u00f4le Equilibre&Sant\u00e9 du Rh\u00f4ne | Lyon","isPartOf":{"@id":"https:\/\/pes-rhone.fr\/marcy-l-etoile\/#website"},"datePublished":"2014-01-31T18:54:25+00:00","dateModified":"2016-12-09T11:06:25+00:00","description":"Ost\u00e9opathe pour Sportif : Sportif amateur ou de haut niveau votre corps est soumis \u00e0 des contraintes biom\u00e9caniques importantes, source de d\u00e9rangements articulaires, de traumatismes, d'entorses, de tendinites...","breadcrumb":{"@id":"https:\/\/pes-rhone.fr\/marcy-l-etoile\/osteopathe-pour-sportif\/#breadcrumb"},"inLanguage":"fr-FR","potentialAction":[{"@type":"ReadAction","target":["https:\/\/pes-rhone.fr\/marcy-l-etoile\/osteopathe-pour-sportif\/"]}]},{"@type":"BreadcrumbList","@id":"https:\/\/pes-rhone.fr\/marcy-l-etoile\/osteopathe-pour-sportif\/#breadcrumb","itemListElement":[{"@type":"ListItem","position":1,"name":"Accueil","item":"https:\/\/pes-rhone.fr\/marcy-l-etoile\/"},{"@type":"ListItem","position":2,"name":"Ost\u00e9opathe pour Sportif"}]},{"@type":"WebSite","@id":"https:\/\/pes-rhone.fr\/marcy-l-etoile\/#website","url":"https:\/\/pes-rhone.fr\/marcy-l-etoile\/","name":"P\u00f4le Equilibre&amp;Sant\u00e9 de Marcy l&#039;\u00c9toile","description":"","potentialAction":[{"@type":"SearchAction","target":{"@type":"EntryPoint","urlTemplate":"https:\/\/pes-rhone.fr\/marcy-l-etoile\/?s={search_term_string}"},"query-input":{"@type":"PropertyValueSpecification","valueRequired":true,"valueName":"search_term_string"}}],"inLanguage":"fr-FR"}]}},"_links":{"self":[{"href":"https:\/\/pes-rhone.fr\/marcy-l-etoile\/wp-json\/wp\/v2\/pages\/1340"}],"collection":[{"href":"https:\/\/pes-rhone.fr\/marcy-l-etoile\/wp-json\/wp\/v2\/pages"}],"about":[{"href":"https:\/\/pes-rhone.fr\/marcy-l-etoile\/wp-json\/wp\/v2\/types\/page"}],"author":[{"embeddable":true,"href":"https:\/\/pes-rhone.fr\/marcy-l-etoile\/wp-json\/wp\/v2\/users\/1"}],"replies":[{"embeddable":true,"href":"https:\/\/pes-rhone.fr\/marcy-l-etoile\/wp-json\/wp\/v2\/comments?post=1340"}],"version-history":[{"count":1,"href":"https:\/\/pes-rhone.fr\/marcy-l-etoile\/wp-json\/wp\/v2\/pages\/1340\/revisions"}],"predecessor-version":[{"id":1718,"href":"https:\/\/pes-rhone.fr\/marcy-l-etoile\/wp-json\/wp\/v2\/pages\/1340\/revisions\/1718"}],"wp:attachment":[{"href":"https:\/\/pes-rhone.fr\/marcy-l-etoile\/wp-json\/wp\/v2\/media?parent=1340"}],"curies":[{"name":"wp","href":"https:\/\/api.w.org\/{rel}","templated":true}]}}