{"id":1276,"date":"2014-01-31T19:19:34","date_gmt":"2014-01-31T18:19:34","guid":{"rendered":"https:\/\/pes-rhone.fr\/lyon\/?page_id=1276"},"modified":"2018-02-26T12:09:40","modified_gmt":"2018-02-26T11:09:40","slug":"accueil","status":"publish","type":"page","link":"https:\/\/pes-rhone.fr\/marcy-l-etoile\/","title":{"rendered":"Accueil"},"content":{"rendered":"<p><div class=\"fusion-fullwidth fullwidth-box fusion-builder-row-1 hundred-percent-fullwidth non-hundred-percent-height-scrolling fusion-equal-height-columns\" style=\"--awb-border-radius-top-left:0px;--awb-border-radius-top-right:0px;--awb-border-radius-bottom-right:0px;--awb-border-radius-bottom-left:0px;--awb-flex-wrap:wrap;\" ><div class=\"fusion-builder-row fusion-row\"><div class=\"fusion-layout-column fusion_builder_column fusion-builder-column-0 fusion_builder_column_1_1 1_1 fusion-one-full fusion-column-first fusion-column-last\" style=\"--awb-bg-size:cover;\"><div class=\"fusion-column-wrapper fusion-flex-column-wrapper-legacy\"><div class=\"fusion-column-content-centered\"><div class=\"fusion-column-content\"><div class=\"fusion-title title fusion-title-1 fusion-title-center fusion-title-text fusion-title-size-one\" style=\"--awb-margin-top-small:10px;--awb-margin-right-small:0px;--awb-margin-bottom-small:10px;--awb-margin-left-small:0px;\"><div class=\"title-sep-container title-sep-container-left\"><div class=\"title-sep sep-double sep-solid\" style=\"border-color:#e0dede;\"><\/div><\/div><span class=\"awb-title-spacer\"><\/span><h1 class=\"fusion-title-heading title-heading-center fusion-responsive-typography-calculated\" style=\"margin:0;--fontSize:34;line-height:1.41;\"><p class=\"impact-text\">Bienvenue\u00a0sur le site du P\u00f4le Equilibre&amp;Sant\u00e9\u00a0du Rh\u00f4ne<br \/>\n<span style=\"color: #82c9f0;\">Marcy l&rsquo;\u00c9toile<\/span><\/p><\/h1><span class=\"awb-title-spacer\"><\/span><div class=\"title-sep-container title-sep-container-right\"><div class=\"title-sep sep-double sep-solid\" style=\"border-color:#e0dede;\"><\/div><\/div><\/div><\/div><\/div><div class=\"fusion-clearfix\"><\/div><\/div><\/div><\/div><\/div><div class=\"fusion-fullwidth fullwidth-box fusion-builder-row-2 hundred-percent-fullwidth non-hundred-percent-height-scrolling fusion-equal-height-columns\" style=\"--awb-border-radius-top-left:0px;--awb-border-radius-top-right:0px;--awb-border-radius-bottom-right:0px;--awb-border-radius-bottom-left:0px;--awb-padding-top:20px;--awb-padding-bottom:20px;--awb-background-color:#82c9f0;--awb-flex-wrap:wrap;\" ><div class=\"fusion-builder-row fusion-row\"><div class=\"fusion-layout-column fusion_builder_column fusion-builder-column-1 fusion_builder_column_1_1 1_1 fusion-one-full fusion-column-first fusion-column-last\" style=\"--awb-bg-size:cover;\"><div class=\"fusion-column-wrapper fusion-flex-column-wrapper-legacy\"><div class=\"fusion-column-content-centered\"><div class=\"fusion-column-content\"><div class=\"fusion-text fusion-text-1\"><h3 style=\"text-align: center;\"><span style=\"color: #ffffff;\">Votre ost\u00e9opathe vous accompagne tout au long de votre vie&#8230;<\/span><\/h3>\n<\/div><\/div><\/div><div class=\"fusion-clearfix\"><\/div><\/div><\/div><\/div><\/div><div class=\"fusion-fullwidth fullwidth-box fusion-builder-row-3 nonhundred-percent-fullwidth non-hundred-percent-height-scrolling\" style=\"--awb-border-radius-top-left:0px;--awb-border-radius-top-right:0px;--awb-border-radius-bottom-right:0px;--awb-border-radius-bottom-left:0px;--awb-padding-top:20px;--awb-flex-wrap:wrap;\" ><div class=\"fusion-builder-row fusion-row\"><div class=\"fusion-layout-column fusion_builder_column fusion-builder-column-2 fusion_builder_column_1_1 1_1 fusion-one-full fusion-column-first fusion-column-last\" style=\"--awb-bg-size:cover;\"><div class=\"fusion-column-wrapper fusion-flex-column-wrapper-legacy\"><div class=\"fusion-clearfix\"><\/div><\/div><\/div><div class=\"fusion-layout-column fusion_builder_column fusion-builder-column-3 fusion_builder_column_1_4 1_4 fusion-one-fourth fusion-column-first\" style=\"--awb-bg-size:cover;width:25%;width:calc(25% - ( ( 4% + 4% ) * 0.25 ) );margin-right: 4%;\"><div class=\"fusion-column-wrapper fusion-flex-column-wrapper-legacy\"><div class=\"fusion-clearfix\"><\/div><\/div><\/div><div class=\"fusion-layout-column fusion_builder_column fusion-builder-column-4 fusion_builder_column_1_2 1_2 fusion-one-half\" style=\"--awb-bg-size:cover;width:50%;width:calc(50% - ( ( 4% + 4% ) * 0.5 ) );margin-right: 4%;\"><div class=\"fusion-column-wrapper fusion-flex-column-wrapper-legacy\"><div class=\"fusion-flip-boxes flip-boxes row fusion-columns-1 flip-effect-classic\" id=\"osteo\"><div class=\"fusion-flip-box-wrapper fusion-column col-lg-12 col-md-12 col-sm-12\"><div class=\"fusion-flip-box flip-right\" tabindex=\"0\"><div class=\"flip-box-inner-wrapper\"><div class=\"flip-box-front\" style=\"--awb-border-radius:4px;--awb-title-front-color:#ffffff;\"><div class=\"flip-box-front-inner\"><h2 class=\"flip-box-heading without-text\">Ost\u00e9opathie<\/h2><\/div><\/div><div class=\"flip-box-back\" style=\"--awb-border-radius:4px;\"><div class=\"flip-box-back-inner\"><h3 class=\"flip-box-heading-back\">Vous souhaitez un RDV avec un Ost\u00e9opathe?<\/h3>\n<div class=\"fusion-button-wrapper\"><a class=\"fusion-button button-flat fusion-button-default-size button-default fusion-button-default button-1 fusion-button-default-span fusion-button-default-type\" target=\"_self\" href=\"tel:0033652922373\"><i class=\" fa fa-phone awb-button__icon awb-button__icon--default button-icon-left\" aria-hidden=\"true\"><\/i><span class=\"fusion-button-text awb-button__text awb-button__text--default\">06.52.92.23.73<\/span><\/a><\/div><div class=\"fusion-button-wrapper\"><a class=\"fusion-button button-flat fusion-button-default-size button-default fusion-button-default button-2 fusion-button-default-span fusion-button-default-type\" target=\"_self\" href=\"mailto:camille.fosse@pes-rhone.fr\"><i class=\" fa fa-envelope-o awb-button__icon awb-button__icon--default button-icon-left\" aria-hidden=\"true\"><\/i><span class=\"fusion-button-text awb-button__text awb-button__text--default\">Nous contacter<\/span><\/a><\/div>\n<\/div><\/div><\/div><\/div><\/div><\/div><div class=\"clearfix\"><\/div><div class=\"fusion-clearfix\"><\/div><\/div><\/div><div class=\"fusion-layout-column fusion_builder_column fusion-builder-column-5 fusion_builder_column_1_4 1_4 fusion-one-fourth fusion-column-last\" style=\"--awb-bg-size:cover;width:25%;width:calc(25% - ( ( 4% + 4% ) * 0.25 ) );\"><div class=\"fusion-column-wrapper fusion-flex-column-wrapper-legacy\"><div class=\"fusion-clearfix\"><\/div><\/div><\/div><\/div><\/div><div class=\"fusion-fullwidth fullwidth-box fusion-builder-row-4 nonhundred-percent-fullwidth non-hundred-percent-height-scrolling\" style=\"--awb-border-radius-top-left:0px;--awb-border-radius-top-right:0px;--awb-border-radius-bottom-right:0px;--awb-border-radius-bottom-left:0px;--awb-padding-top:20px;--awb-padding-bottom:20px;--awb-flex-wrap:wrap;\" ><div class=\"fusion-builder-row fusion-row\"><div class=\"fusion-layout-column fusion_builder_column fusion-builder-column-6 fusion_builder_column_1_3 1_3 fusion-one-third fusion-column-first\" style=\"--awb-bg-size:cover;width:33.333333333333%;width:calc(33.333333333333% - ( ( 4% ) * 0.33333333333333 ) );margin-right: 4%;\"><div class=\"fusion-column-wrapper fusion-flex-column-wrapper-legacy\"><div class=\"fusion-title title fusion-title-2 fusion-sep-none fusion-title-text fusion-title-size-three\" style=\"--awb-margin-top:0px;--awb-margin-top-small:10px;--awb-margin-right-small:0px;--awb-margin-bottom-small:10px;--awb-margin-left-small:0px;\"><h3 class=\"fusion-title-heading title-heading-left fusion-responsive-typography-calculated\" style=\"margin:0;--fontSize:22;--minFontSize:22;line-height:1.5;\">Nous situer<\/h3><\/div><div class=\"fusion-text fusion-text-2\"><p><strong>P\u00f4le Equilibre&amp;Sant\u00e9 de\u00a0Marcy l&rsquo;\u00c9toile<\/strong><br \/>\n49 All\u00e9e Louis Raymond<br \/>\n69280 Marcy l&rsquo;\u00c9toile<\/p>\n<\/div><div class=\"fusion-title title fusion-title-3 fusion-sep-none fusion-title-text fusion-title-size-three\" style=\"--awb-margin-top:0px;--awb-margin-top-small:10px;--awb-margin-right-small:0px;--awb-margin-bottom-small:10px;--awb-margin-left-small:0px;\"><h3 class=\"fusion-title-heading title-heading-left fusion-responsive-typography-calculated\" style=\"margin:0;--fontSize:22;--minFontSize:22;line-height:1.5;\">Horaires d&rsquo;ouverture<\/h3><\/div><div class=\"fusion-text fusion-text-3\"><p style=\"text-align: left;\"><i class=\"fb-icon-element-1 fb-icon-element fontawesome-icon fa fa-clock-o circle-no fusion-text-flow\" style=\"--awb-font-size:20px;--awb-margin-right:10px;\"><\/i>Lundi : 8h00 &#8211; 20h00<\/p>\n<p style=\"text-align: left;\"><i class=\"fb-icon-element-2 fb-icon-element fontawesome-icon fa fa-clock-o circle-no fusion-text-flow\" style=\"--awb-font-size:20px;--awb-margin-right:10px;\"><\/i>Mardi : 8h00 &#8211; 20h00<\/p>\n<p style=\"text-align: left;\"><i class=\"fb-icon-element-3 fb-icon-element fontawesome-icon fa fa-clock-o circle-no fusion-text-flow\" style=\"--awb-font-size:20px;--awb-margin-right:10px;\"><\/i>Mercredi : 8h00 &#8211; 20h00<\/p>\n<p style=\"text-align: left;\"><i class=\"fb-icon-element-4 fb-icon-element fontawesome-icon fa fa-clock-o circle-no fusion-text-flow\" style=\"--awb-font-size:20px;--awb-margin-right:10px;\"><\/i>Jeudi : 8h00 &#8211; 20h00<\/p>\n<p style=\"text-align: left;\"><i class=\"fb-icon-element-5 fb-icon-element fontawesome-icon fa fa-clock-o circle-no fusion-text-flow\" style=\"--awb-font-size:20px;--awb-margin-right:10px;\"><\/i>Vendredi : 8h00 &#8211; 20h00<\/p>\n<p style=\"text-align: left;\"><i class=\"fb-icon-element-6 fb-icon-element fontawesome-icon fa fa-clock-o circle-no fusion-text-flow\" style=\"--awb-font-size:20px;--awb-margin-right:10px;\"><\/i>Samedi :\u00a0Ferm\u00e9<\/p>\n<p style=\"text-align: left;\"><i class=\"fb-icon-element-7 fb-icon-element fontawesome-icon fa fa-clock-o circle-no fusion-text-flow\" style=\"--awb-font-size:20px;--awb-margin-right:10px;\"><\/i>Dimanche : Ferm\u00e9<\/p>\n<\/div><div class=\"fusion-clearfix\"><\/div><\/div><\/div><div class=\"fusion-layout-column fusion_builder_column fusion-builder-column-7 fusion_builder_column_2_3 2_3 fusion-two-third fusion-column-last\" style=\"--awb-bg-size:cover;width:66.666666666667%;width:calc(66.666666666667% - ( ( 4% ) * 0.66666666666667 ) );\"><div class=\"fusion-column-wrapper fusion-flex-column-wrapper-legacy\">\t\t\t\t\t<script type=\"text\/javascript\">\n\t\t\t\t\t\tvar map_fusion_map_69e1c72380d55;\n\t\t\t\t\t\tvar markers = [];\n\t\t\t\t\t\tvar counter = 0;\n\t\t\t\t\t\t\t\t\t\t\t\t\t\t\t\t\t\t\t\tvar fusionMapNonce = 'f11c72ee2f';\n\t\t\t\t\t\t\t\t\t\t\t\tfunction fusion_run_map_fusion_map_69e1c72380d55() {\n\t\t\t\t\t\t\tjQuery ('#fusion_map_69e1c72380d55' ).fusion_maps( {\n\t\t\t\t\t\t\t\taddresses: [{\"address\":\"49 all\\u00e9e Louis Raymond<br \\\/>\\n69280 Marcy l'\\u00c9toile\",\"infobox_content\":\"<center>P\\u00f4le Equilibre&Sant\\u00e9 de Marcy l\\\\'\\u00c9toile<br \\\/> 49 All\\u00e9e Louis Raymond<br \\\/> 69280 Marcy l\\u2019\\u00c9toile<\\\/center>\",\"marker\":\"https:\\\/\\\/pes-moselle.fr\\\/yutz\\\/wp-content\\\/uploads\\\/sites\\\/2\\\/2017\\\/01\\\/Marker-Map-PES_site.png\",\"coordinates\":false,\"cache\":true,\"latitude\":\"45.7810582\",\"longitude\":\"4.7051142000000254\"}],\n\t\t\t\t\t\t\t\tanimations: false,\n\t\t\t\t\t\t\t\tinfobox_background_color: '#ffffff',\n\t\t\t\t\t\t\t\tinfobox_styling: 'custom',\n\t\t\t\t\t\t\t\tinfobox_text_color: '#000000',\n\t\t\t\t\t\t\t\tmap_style: 'custom',\n\t\t\t\t\t\t\t\tmap_type: 'roadmap',\n\t\t\t\t\t\t\t\tmarker_icon: 'https:\/\/pes-moselle.fr\/yutz\/wp-content\/uploads\/sites\/2\/2017\/01\/Marker-Map-PES_site.png',\n\t\t\t\t\t\t\t\toverlay_color: '',\n\t\t\t\t\t\t\t\toverlay_color_hsl: {\"hue\":0,\"sat\":0,\"lum\":100},\n\t\t\t\t\t\t\t\tshow_address: true,\n\t\t\t\t\t\t\t\tscale_control: true,\n\t\t\t\t\t\t\t\tscrollwheel: true,\n\t\t\t\t\t\t\t\tzoom: 15,\n\t\t\t\t\t\t\t\tzoom_control: true,\n\t\t\t\t\t\t\t} );\n\t\t\t\t\t\t}\n\n\t\t\t\t\t\tgoogle.maps.event.addDomListener(window, 'load', fusion_run_map_fusion_map_69e1c72380d55);\n\t\t\t\t\t<\/script>\n\t\t\t\t\t<div class=\"shortcode-map fusion-google-map fusion-maps-js-type\" style=\"--awb-height:460px;\" id=\"fusion_map_69e1c72380d55\"><\/div><div class=\"fusion-clearfix\"><\/div><\/div><\/div><\/div><\/div><\/p>\n","protected":false},"excerpt":{"rendered":"","protected":false},"author":1,"featured_media":0,"parent":0,"menu_order":0,"comment_status":"open","ping_status":"open","template":"100-width.php","meta":{"footnotes":""},"yoast_head":"<!-- This site is optimized with the Yoast SEO plugin v24.5 - https:\/\/yoast.com\/wordpress\/plugins\/seo\/ -->\n<title>Accueil - P\u00f4le Equilibre&amp;Sant\u00e9 de Marcy l&#039;\u00c9toile<\/title>\n<meta name=\"robots\" content=\"index, follow, max-snippet:-1, max-image-preview:large, max-video-preview:-1\" \/>\n<link rel=\"canonical\" href=\"https:\/\/pes-rhone.fr\/marcy-l-etoile\/\" \/>\n<meta property=\"og:locale\" content=\"fr_FR\" \/>\n<meta property=\"og:type\" content=\"article\" \/>\n<meta property=\"og:title\" content=\"Accueil - P\u00f4le Equilibre&amp;Sant\u00e9 de Marcy l&#039;\u00c9toile\" \/>\n<meta property=\"og:url\" content=\"https:\/\/pes-rhone.fr\/marcy-l-etoile\/\" \/>\n<meta property=\"og:site_name\" content=\"P\u00f4le Equilibre&amp;Sant\u00e9 de Marcy l&#039;\u00c9toile\" \/>\n<meta property=\"article:modified_time\" content=\"2018-02-26T11:09:40+00:00\" \/>\n<meta name=\"twitter:card\" content=\"summary_large_image\" \/>\n<meta name=\"twitter:label1\" content=\"Dur\u00e9e de lecture estim\u00e9e\" \/>\n\t<meta name=\"twitter:data1\" content=\"7 minutes\" \/>\n<script type=\"application\/ld+json\" class=\"yoast-schema-graph\">{\"@context\":\"https:\/\/schema.org\",\"@graph\":[{\"@type\":\"WebPage\",\"@id\":\"https:\/\/pes-rhone.fr\/marcy-l-etoile\/\",\"url\":\"https:\/\/pes-rhone.fr\/marcy-l-etoile\/\",\"name\":\"Accueil - P\u00f4le Equilibre&amp;Sant\u00e9 de Marcy l&#039;\u00c9toile\",\"isPartOf\":{\"@id\":\"https:\/\/pes-rhone.fr\/marcy-l-etoile\/#website\"},\"datePublished\":\"2014-01-31T18:19:34+00:00\",\"dateModified\":\"2018-02-26T11:09:40+00:00\",\"breadcrumb\":{\"@id\":\"https:\/\/pes-rhone.fr\/marcy-l-etoile\/#breadcrumb\"},\"inLanguage\":\"fr-FR\",\"potentialAction\":[{\"@type\":\"ReadAction\",\"target\":[\"https:\/\/pes-rhone.fr\/marcy-l-etoile\/\"]}]},{\"@type\":\"BreadcrumbList\",\"@id\":\"https:\/\/pes-rhone.fr\/marcy-l-etoile\/#breadcrumb\",\"itemListElement\":[{\"@type\":\"ListItem\",\"position\":1,\"name\":\"Accueil\",\"item\":\"https:\/\/pes-rhone.fr\/marcy-l-etoile\/\"},{\"@type\":\"ListItem\",\"position\":2,\"name\":\"Accueil\"}]},{\"@type\":\"WebSite\",\"@id\":\"https:\/\/pes-rhone.fr\/marcy-l-etoile\/#website\",\"url\":\"https:\/\/pes-rhone.fr\/marcy-l-etoile\/\",\"name\":\"P\u00f4le Equilibre&amp;Sant\u00e9 de Marcy l&#039;\u00c9toile\",\"description\":\"\",\"potentialAction\":[{\"@type\":\"SearchAction\",\"target\":{\"@type\":\"EntryPoint\",\"urlTemplate\":\"https:\/\/pes-rhone.fr\/marcy-l-etoile\/?s={search_term_string}\"},\"query-input\":{\"@type\":\"PropertyValueSpecification\",\"valueRequired\":true,\"valueName\":\"search_term_string\"}}],\"inLanguage\":\"fr-FR\"}]}<\/script>\n<!-- \/ Yoast SEO plugin. -->","yoast_head_json":{"title":"Accueil - P\u00f4le Equilibre&amp;Sant\u00e9 de Marcy l&#039;\u00c9toile","robots":{"index":"index","follow":"follow","max-snippet":"max-snippet:-1","max-image-preview":"max-image-preview:large","max-video-preview":"max-video-preview:-1"},"canonical":"https:\/\/pes-rhone.fr\/marcy-l-etoile\/","og_locale":"fr_FR","og_type":"article","og_title":"Accueil - P\u00f4le Equilibre&amp;Sant\u00e9 de Marcy l&#039;\u00c9toile","og_url":"https:\/\/pes-rhone.fr\/marcy-l-etoile\/","og_site_name":"P\u00f4le Equilibre&amp;Sant\u00e9 de Marcy l&#039;\u00c9toile","article_modified_time":"2018-02-26T11:09:40+00:00","twitter_card":"summary_large_image","twitter_misc":{"Dur\u00e9e de lecture estim\u00e9e":"7 minutes"},"schema":{"@context":"https:\/\/schema.org","@graph":[{"@type":"WebPage","@id":"https:\/\/pes-rhone.fr\/marcy-l-etoile\/","url":"https:\/\/pes-rhone.fr\/marcy-l-etoile\/","name":"Accueil - P\u00f4le Equilibre&amp;Sant\u00e9 de Marcy l&#039;\u00c9toile","isPartOf":{"@id":"https:\/\/pes-rhone.fr\/marcy-l-etoile\/#website"},"datePublished":"2014-01-31T18:19:34+00:00","dateModified":"2018-02-26T11:09:40+00:00","breadcrumb":{"@id":"https:\/\/pes-rhone.fr\/marcy-l-etoile\/#breadcrumb"},"inLanguage":"fr-FR","potentialAction":[{"@type":"ReadAction","target":["https:\/\/pes-rhone.fr\/marcy-l-etoile\/"]}]},{"@type":"BreadcrumbList","@id":"https:\/\/pes-rhone.fr\/marcy-l-etoile\/#breadcrumb","itemListElement":[{"@type":"ListItem","position":1,"name":"Accueil","item":"https:\/\/pes-rhone.fr\/marcy-l-etoile\/"},{"@type":"ListItem","position":2,"name":"Accueil"}]},{"@type":"WebSite","@id":"https:\/\/pes-rhone.fr\/marcy-l-etoile\/#website","url":"https:\/\/pes-rhone.fr\/marcy-l-etoile\/","name":"P\u00f4le Equilibre&amp;Sant\u00e9 de Marcy l&#039;\u00c9toile","description":"","potentialAction":[{"@type":"SearchAction","target":{"@type":"EntryPoint","urlTemplate":"https:\/\/pes-rhone.fr\/marcy-l-etoile\/?s={search_term_string}"},"query-input":{"@type":"PropertyValueSpecification","valueRequired":true,"valueName":"search_term_string"}}],"inLanguage":"fr-FR"}]}},"_links":{"self":[{"href":"https:\/\/pes-rhone.fr\/marcy-l-etoile\/wp-json\/wp\/v2\/pages\/1276"}],"collection":[{"href":"https:\/\/pes-rhone.fr\/marcy-l-etoile\/wp-json\/wp\/v2\/pages"}],"about":[{"href":"https:\/\/pes-rhone.fr\/marcy-l-etoile\/wp-json\/wp\/v2\/types\/page"}],"author":[{"embeddable":true,"href":"https:\/\/pes-rhone.fr\/marcy-l-etoile\/wp-json\/wp\/v2\/users\/1"}],"replies":[{"embeddable":true,"href":"https:\/\/pes-rhone.fr\/marcy-l-etoile\/wp-json\/wp\/v2\/comments?post=1276"}],"version-history":[{"count":12,"href":"https:\/\/pes-rhone.fr\/marcy-l-etoile\/wp-json\/wp\/v2\/pages\/1276\/revisions"}],"predecessor-version":[{"id":1753,"href":"https:\/\/pes-rhone.fr\/marcy-l-etoile\/wp-json\/wp\/v2\/pages\/1276\/revisions\/1753"}],"wp:attachment":[{"href":"https:\/\/pes-rhone.fr\/marcy-l-etoile\/wp-json\/wp\/v2\/media?parent=1276"}],"curies":[{"name":"wp","href":"https:\/\/api.w.org\/{rel}","templated":true}]}}